{"id":55,"date":"2026-01-16T15:52:13","date_gmt":"2026-01-16T14:52:13","guid":{"rendered":"https:\/\/baviron.mystagingwebsite.com\/?page_id=55"},"modified":"2026-02-03T11:29:54","modified_gmt":"2026-02-03T10:29:54","slug":"plan-du-site","status":"publish","type":"page","link":"https:\/\/baviron.be\/fr\/sitemap\/","title":{"rendered":"Plan du site"},"content":{"rendered":"<div data-elementor-type=\"wp-page\" data-elementor-id=\"55\" class=\"elementor elementor-55\" data-elementor-settings=\"{&quot;ha_cmc_init_switcher&quot;:&quot;no&quot;}\" data-elementor-post-type=\"page\">\n\t\t\t\t<div class=\"elementor-element elementor-element-c5330a9 e-flex e-con-boxed e-con e-parent\" data-id=\"c5330a9\" data-element_type=\"container\" data-e-type=\"container\" data-settings=\"{&quot;background_background&quot;:&quot;classic&quot;,&quot;jet_parallax_layout_list&quot;:[],&quot;_ha_eqh_enable&quot;:false}\">\n\t\t\t\t\t<div class=\"e-con-inner\">\n\t\t\t\t<div class=\"elementor-element elementor-element-2048b1f elementor-widget__width-auto elementor-widget elementor-widget-global elementor-global-423 elementor-widget-shortcode\" data-id=\"2048b1f\" data-element_type=\"widget\" data-e-type=\"widget\" data-widget_type=\"shortcode.default\">\n\t\t\t\t\t\t\t<div class=\"elementor-shortcode\"><div class=\"breadcrumbs\" typeof=\"BreadcrumbList\" vocab=\"https:\/\/schema.org\/\">\n    <span property=\"itemListElement\" typeof=\"ListItem\"><a property=\"item\" typeof=\"WebPage\" title=\"Se rendre \u00e0 Baviron.\" href=\"https:\/\/baviron.be\/fr\" class=\"home\" aria-current=\"page\"><span property=\"name\">Baviron<\/span><\/a><meta property=\"position\" content=\"1\"><\/span><\/div>\n<\/div>\n\t\t\t\t\t\t<\/div>\n\t\t\t\t<div class=\"elementor-element elementor-element-b0565aa elementor-widget elementor-widget-heading\" data-id=\"b0565aa\" data-element_type=\"widget\" data-e-type=\"widget\" data-widget_type=\"heading.default\">\n\t\t\t\t\t<h1 class=\"elementor-heading-title elementor-size-default\">Plan du site<\/h1>\t\t\t\t<\/div>\n\t\t\t\t<div class=\"elementor-element elementor-element-82f03c2 elementor-widget__width-initial elementor-widget elementor-widget-text-editor\" data-id=\"82f03c2\" data-element_type=\"widget\" data-e-type=\"widget\" data-widget_type=\"text-editor.default\">\n\t\t\t\t\t\t\t\t\t<p>Vue d'ensemble de toutes les pages de notre site web<\/p>\t\t\t\t\t\t\t\t<\/div>\n\t\t\t\t\t<\/div>\n\t\t\t\t<\/div>\n\t\t<div class=\"elementor-element elementor-element-4b89144 e-flex e-con-boxed e-con e-parent\" data-id=\"4b89144\" data-element_type=\"container\" data-e-type=\"container\" data-settings=\"{&quot;jet_parallax_layout_list&quot;:[],&quot;_ha_eqh_enable&quot;:false}\">\n\t\t\t\t\t<div class=\"e-con-inner\">\n\t\t<div class=\"elementor-element elementor-element-fb6573a e-grid e-con-full e-con e-child\" data-id=\"fb6573a\" data-element_type=\"container\" data-e-type=\"container\" data-settings=\"{&quot;jet_parallax_layout_list&quot;:[],&quot;_ha_eqh_enable&quot;:false}\">\n\t\t\t\t<div class=\"elementor-element elementor-element-318e41b elementor-widget elementor-widget-sitemap\" data-id=\"318e41b\" data-element_type=\"widget\" data-e-type=\"widget\" data-widget_type=\"sitemap.default\">\n\t\t\t\t\t<div class=\"elementor-sitemap-wrap\"><div class=\"elementor-sitemap-section\"><h2 class=\"elementor-sitemap-title elementor-sitemap-page-title\">Pages<\/h2><ul class=\"elementor-sitemap-list elementor-sitemap-page-list\"><li class=\"elementor-sitemap-item elementor-sitemap-item-page page_item page-item-53\"><a href=\"https:\/\/baviron.be\/fr\/algemene-voorwaarden\/\">Conditions g\u00e9n\u00e9rales d'utilisation<\/a><\/li><li class=\"elementor-sitemap-item elementor-sitemap-item-page page_item page-item-47\"><a href=\"https:\/\/baviron.be\/fr\/contact\/\">Contact<\/a><\/li><li class=\"elementor-sitemap-item elementor-sitemap-item-page page_item page-item-38\"><a href=\"https:\/\/baviron.be\/fr\/diensten\/\">Services<\/a><\/li><li class=\"elementor-sitemap-item elementor-sitemap-item-page page_item page-item-41\"><a href=\"https:\/\/baviron.be\/fr\/duurzaamheid\/\">Durabilit\u00e9<\/a><\/li><li class=\"elementor-sitemap-item elementor-sitemap-item-page page_item page-item-43\"><a href=\"https:\/\/baviron.be\/fr\/erkenningen\/\">Remerciements<\/a><\/li><li class=\"elementor-sitemap-item elementor-sitemap-item-page page_item page-item-14\"><a href=\"https:\/\/baviron.be\/fr\/\">Accueil<\/a><\/li><li class=\"elementor-sitemap-item elementor-sitemap-item-page page_item page-item-357\"><a href=\"https:\/\/baviron.be\/fr\/over-baviron\/\">A propos de BAVIRON<\/a><\/li><li class=\"elementor-sitemap-item elementor-sitemap-item-page page_item page-item-362\"><a href=\"https:\/\/baviron.be\/fr\/particulieren\/\">Particuliers<\/a><\/li><li class=\"elementor-sitemap-item elementor-sitemap-item-page page_item page-item-51\"><a href=\"https:\/\/baviron.be\/fr\/privacy\/\">Vie priv\u00e9e<\/a><\/li><li class=\"elementor-sitemap-item elementor-sitemap-item-page page_item page-item-364\"><a href=\"https:\/\/baviron.be\/fr\/vacatures\/\">Postes vacants<\/a><\/li><li class=\"elementor-sitemap-item elementor-sitemap-item-page page_item page-item-837\"><a href=\"https:\/\/baviron.be\/fr\/faq\/\">Questions fr\u00e9quemment pos\u00e9es<\/a><\/li><li class=\"elementor-sitemap-item elementor-sitemap-item-page page_item page-item-952\"><a href=\"https:\/\/baviron.be\/fr\/vmes-en-syndici\/\">VME et Syndics<\/a><\/li><\/ul><\/div><\/div>\t\t\t\t<\/div>\n\t\t\t\t<div class=\"elementor-element elementor-element-08b2e1e elementor-widget elementor-widget-sitemap\" data-id=\"08b2e1e\" data-element_type=\"widget\" data-e-type=\"widget\" data-widget_type=\"sitemap.default\">\n\t\t\t\t\t<div class=\"elementor-sitemap-wrap\"><div class=\"elementor-sitemap-section\"><h2 class=\"elementor-sitemap-title elementor-sitemap-dienst-title\">Services<\/h2><ul class=\"elementor-sitemap-list elementor-sitemap-dienst-list\"><li class=\"elementor-sitemap-item elementor-sitemap-item-dienst page_item page-item-207\"><a href=\"https:\/\/baviron.be\/fr\/dienst\/asbestverwijdering\/\">D\u00e9samiantage<\/a><\/li><li class=\"elementor-sitemap-item elementor-sitemap-item-dienst page_item page-item-213\"><a href=\"https:\/\/baviron.be\/fr\/dienst\/binnensloop-ontmanteling\/\">D\u00e9molition et d\u00e9mant\u00e8lement en int\u00e9rieur<\/a><\/li><li class=\"elementor-sitemap-item elementor-sitemap-item-dienst page_item page-item-593\"><a href=\"https:\/\/baviron.be\/fr\/dienst\/bodemsanering\/\">Assainissement des sols<\/a><\/li><li class=\"elementor-sitemap-item elementor-sitemap-item-dienst page_item page-item-215\"><a href=\"https:\/\/baviron.be\/fr\/dienst\/dak-en-gevelbekleding\/\">Rev\u00eatements de toits et de murs<\/a><\/li><li class=\"elementor-sitemap-item elementor-sitemap-item-dienst page_item page-item-586\"><a href=\"https:\/\/baviron.be\/fr\/dienst\/herisolatie-van-cv-leidingen\/\">R\u00e9-isolation des tuyaux de chauffage central<\/a><\/li><li class=\"elementor-sitemap-item elementor-sitemap-item-dienst page_item page-item-217\"><a href=\"https:\/\/baviron.be\/fr\/dienst\/sanering-van-schadelijke-stoffen\/\">Assainissement des substances nocives<\/a><\/li><\/ul><\/div><\/div>\t\t\t\t<\/div>\n\t\t\t\t<\/div>\n\t\t\t\t\t<\/div>\n\t\t\t\t<\/div>\n\t\t\t\t<\/div>","protected":false},"excerpt":{"rendered":"<p>Sitemap Overzicht van alle pagina&#8217;s op onze website<\/p>","protected":false},"author":2,"featured_media":0,"parent":0,"menu_order":0,"comment_status":"closed","ping_status":"closed","template":"","meta":{"_seopress_robots_primary_cat":"","_seopress_titles_title":"","_seopress_titles_desc":"","_seopress_robots_index":"","iawp_total_views":0,"footnotes":""},"class_list":["post-55","page","type-page","status-publish","hentry"],"_links":{"self":[{"href":"https:\/\/baviron.be\/fr\/wp-json\/wp\/v2\/pages\/55","targetHints":{"allow":["GET"]}}],"collection":[{"href":"https:\/\/baviron.be\/fr\/wp-json\/wp\/v2\/pages"}],"about":[{"href":"https:\/\/baviron.be\/fr\/wp-json\/wp\/v2\/types\/page"}],"author":[{"embeddable":true,"href":"https:\/\/baviron.be\/fr\/wp-json\/wp\/v2\/users\/2"}],"replies":[{"embeddable":true,"href":"https:\/\/baviron.be\/fr\/wp-json\/wp\/v2\/comments?post=55"}],"version-history":[{"count":8,"href":"https:\/\/baviron.be\/fr\/wp-json\/wp\/v2\/pages\/55\/revisions"}],"predecessor-version":[{"id":2374,"href":"https:\/\/baviron.be\/fr\/wp-json\/wp\/v2\/pages\/55\/revisions\/2374"}],"wp:attachment":[{"href":"https:\/\/baviron.be\/fr\/wp-json\/wp\/v2\/media?parent=55"}],"curies":[{"name":"wp","href":"https:\/\/api.w.org\/{rel}","templated":true}]}}