{"id":53,"date":"2026-01-16T15:52:03","date_gmt":"2026-01-16T14:52:03","guid":{"rendered":"https:\/\/baviron.mystagingwebsite.com\/?page_id=53"},"modified":"2026-03-02T09:25:51","modified_gmt":"2026-03-02T08:25:51","slug":"conditions-generales","status":"publish","type":"page","link":"https:\/\/baviron.be\/fr\/algemene-voorwaarden\/","title":{"rendered":"Conditions g\u00e9n\u00e9rales d'utilisation"},"content":{"rendered":"<div data-elementor-type=\"wp-page\" data-elementor-id=\"53\" class=\"elementor elementor-53\" data-elementor-settings=\"{&quot;ha_cmc_init_switcher&quot;:&quot;no&quot;}\" data-elementor-post-type=\"page\">\n\t\t\t\t<div class=\"elementor-element elementor-element-8ae2370 e-flex e-con-boxed e-con e-parent\" data-id=\"8ae2370\" data-element_type=\"container\" data-e-type=\"container\" data-settings=\"{&quot;background_background&quot;:&quot;classic&quot;,&quot;jet_parallax_layout_list&quot;:[],&quot;_ha_eqh_enable&quot;:false}\">\n\t\t\t\t\t<div class=\"e-con-inner\">\n\t\t\t\t<div class=\"elementor-element elementor-element-79ea5fb elementor-widget__width-auto elementor-widget elementor-widget-global elementor-global-423 elementor-widget-shortcode\" data-id=\"79ea5fb\" data-element_type=\"widget\" data-e-type=\"widget\" data-widget_type=\"shortcode.default\">\n\t\t\t\t\t\t\t<div class=\"elementor-shortcode\"><div class=\"breadcrumbs\" typeof=\"BreadcrumbList\" vocab=\"https:\/\/schema.org\/\">\n    <span property=\"itemListElement\" typeof=\"ListItem\"><a property=\"item\" typeof=\"WebPage\" title=\"Se rendre \u00e0 Baviron.\" href=\"https:\/\/baviron.be\/fr\" class=\"home\" aria-current=\"page\"><span property=\"name\">Baviron<\/span><\/a><meta property=\"position\" content=\"1\"><\/span><\/div>\n<\/div>\n\t\t\t\t\t\t<\/div>\n\t\t\t\t<div class=\"elementor-element elementor-element-1c350f8 elementor-widget elementor-widget-heading\" data-id=\"1c350f8\" data-element_type=\"widget\" data-e-type=\"widget\" data-widget_type=\"heading.default\">\n\t\t\t\t\t<h1 class=\"elementor-heading-title elementor-size-default\">Conditions g\u00e9n\u00e9rales d'utilisation\n<\/h1>\t\t\t\t<\/div>\n\t\t\t\t<div class=\"elementor-element elementor-element-5f5e387 elementor-widget__width-initial elementor-widget elementor-widget-text-editor\" data-id=\"5f5e387\" data-element_type=\"widget\" data-e-type=\"widget\" data-widget_type=\"text-editor.default\">\n\t\t\t\t\t\t\t\t\t<p>Derni\u00e8re mise \u00e0 jour : f\u00e9vrier 2026<\/p>\t\t\t\t\t\t\t\t<\/div>\n\t\t\t\t\t<\/div>\n\t\t\t\t<\/div>\n\t\t<div class=\"elementor-element elementor-element-86e9ac7 e-flex e-con-boxed e-con e-parent\" data-id=\"86e9ac7\" data-element_type=\"container\" data-e-type=\"container\" data-settings=\"{&quot;jet_parallax_layout_list&quot;:[],&quot;_ha_eqh_enable&quot;:false}\">\n\t\t\t\t\t<div class=\"e-con-inner\">\n\t\t\t\t<div class=\"elementor-element elementor-element-84474aa legaltekst elementor-widget elementor-widget-text-editor\" data-id=\"84474aa\" data-element_type=\"widget\" data-e-type=\"widget\" data-widget_type=\"text-editor.default\">\n\t\t\t\t\t\t\t\t\t<h2>Conditions g\u00e9n\u00e9rales Baviron<\/h2><p>Les pr\u00e9sentes conditions g\u00e9n\u00e9rales s'appliquent \u00e0 toutes les offres, \u00e0 tous les accords et \u00e0 tous les services de Belgian Asbestos Removal (B.A.V.) nv, agissant sous le nom de Baviron.<\/p><h3>Article 1 - Identit\u00e9<\/h3><p>Baviron - Belgian Asbestos Removal (B.A.V.) sa<br \/>Wolfstee 13<br \/>2200 Herentals<br \/>Belgique<br \/>Courriel : info@baviron.be<br \/>T\u00e9l\u00e9phone : +32 (0)1 426 78 03<\/p><h3>Article 2 - Offres<\/h3><p>Toutes les offres sont sans engagement et valables 30 jours, sauf indication contraire. Un accord est conclu apr\u00e8s confirmation \u00e9crite de l'offre par le client.<\/p><h3>Article 3 - Ex\u00e9cution<\/h3><p>Baviron s'engage \u00e0 ex\u00e9cuter la commande conform\u00e9ment aux lois et r\u00e8glements applicables, notamment la l\u00e9gislation belge sur le d\u00e9samiantage (Codex, Livre VI Titre 3).<\/p><h3>Article 4 - Certifications<\/h3><p>Baviron est titulaire des certifications suivantes :<\/p><ul><li>Belac 2-405 - D\u00e9samiantage agr\u00e9\u00e9<\/li><li>VCA** - S\u00e9curit\u00e9, sant\u00e9 et environnement<\/li><li>D\u00e9samiantage - Certifi\u00e9<\/li><li>G5 (classe 1) - Reconnaissance en tant que contractant<\/li><li>D4 (classe 5) - Reconnaissance en tant que contractant<\/li><\/ul><h3>Article 5 - Paiement<\/h3><p>Les factures sont payables dans les 15 jours suivant la date de facturation, sauf accord contraire. En cas de retard de paiement, des int\u00e9r\u00eats seront factur\u00e9s de plein droit et sans mise en demeure.<\/p><h3>Article 6 - Responsabilit\u00e9<\/h3><p>Baviron est assur\u00e9 en responsabilit\u00e9 civile professionnelle. Notre responsabilit\u00e9 est limit\u00e9e au montant couvert par notre assurance.<\/p><h3>Article 7 - Litiges<\/h3><p>Tous les accords sont r\u00e9gis par le droit belge. En cas de litige, seuls les tribunaux de l'arrondissement d'Anvers sont comp\u00e9tents.<\/p><h3>Contact<\/h3><p>Pour toute question concernant les pr\u00e9sentes conditions g\u00e9n\u00e9rales, veuillez contacter :<br \/>Courriel : info@baviron.be<br \/>T\u00e9l\u00e9phone : +32 (0)3 544 74 33<\/p>\t\t\t\t\t\t\t\t<\/div>\n\t\t\t\t\t<\/div>\n\t\t\t\t<\/div>\n\t\t\t\t<\/div>","protected":false},"excerpt":{"rendered":"<p>Algemene Voorwaarden Laatst bijgewerkt: februari 2026 Algemene Voorwaarden Baviron Deze algemene voorwaarden zijn van toepassing op alle offertes, overeenkomsten en diensten van Belgische Asbest Verwijdering (B.A.V.) nv, handelend onder de naam Baviron. Artikel 1 &#8211; Identiteit Baviron &#8211; Belgische Asbest Verwijdering (B.A.V.) nvWolfstee 132200 HerentalsBelgi\u00ebE-mail: info@baviron.beTelefoon: +32 (0)1 426 78 03 Artikel 2 &#8211; Offertes [&hellip;]<\/p>\n","protected":false},"author":2,"featured_media":0,"parent":0,"menu_order":0,"comment_status":"closed","ping_status":"closed","template":"","meta":{"_seopress_robots_primary_cat":"","_seopress_titles_title":"","_seopress_titles_desc":"","_seopress_robots_index":"","iawp_total_views":0,"footnotes":""},"class_list":["post-53","page","type-page","status-publish","hentry"],"_links":{"self":[{"href":"https:\/\/baviron.be\/fr\/wp-json\/wp\/v2\/pages\/53","targetHints":{"allow":["GET"]}}],"collection":[{"href":"https:\/\/baviron.be\/fr\/wp-json\/wp\/v2\/pages"}],"about":[{"href":"https:\/\/baviron.be\/fr\/wp-json\/wp\/v2\/types\/page"}],"author":[{"embeddable":true,"href":"https:\/\/baviron.be\/fr\/wp-json\/wp\/v2\/users\/2"}],"replies":[{"embeddable":true,"href":"https:\/\/baviron.be\/fr\/wp-json\/wp\/v2\/comments?post=53"}],"version-history":[{"count":22,"href":"https:\/\/baviron.be\/fr\/wp-json\/wp\/v2\/pages\/53\/revisions"}],"predecessor-version":[{"id":2254,"href":"https:\/\/baviron.be\/fr\/wp-json\/wp\/v2\/pages\/53\/revisions\/2254"}],"wp:attachment":[{"href":"https:\/\/baviron.be\/fr\/wp-json\/wp\/v2\/media?parent=53"}],"curies":[{"name":"wp","href":"https:\/\/api.w.org\/{rel}","templated":true}]}}