{"id":51,"date":"2026-01-16T15:51:49","date_gmt":"2026-01-16T14:51:49","guid":{"rendered":"https:\/\/baviron.mystagingwebsite.com\/?page_id=51"},"modified":"2026-02-12T10:20:53","modified_gmt":"2026-02-12T09:20:53","slug":"vie-privee","status":"publish","type":"page","link":"https:\/\/baviron.be\/fr\/privacy\/","title":{"rendered":"Vie priv\u00e9e"},"content":{"rendered":"<div data-elementor-type=\"wp-page\" data-elementor-id=\"51\" class=\"elementor elementor-51\" data-elementor-settings=\"{&quot;ha_cmc_init_switcher&quot;:&quot;no&quot;}\" data-elementor-post-type=\"page\">\n\t\t\t\t<div class=\"elementor-element elementor-element-dbe089d e-flex e-con-boxed e-con e-parent\" data-id=\"dbe089d\" data-element_type=\"container\" data-e-type=\"container\" data-settings=\"{&quot;background_background&quot;:&quot;classic&quot;,&quot;jet_parallax_layout_list&quot;:[],&quot;_ha_eqh_enable&quot;:false}\">\n\t\t\t\t\t<div class=\"e-con-inner\">\n\t\t\t\t<div class=\"elementor-element elementor-element-233116a elementor-widget__width-auto elementor-widget elementor-widget-global elementor-global-423 elementor-widget-shortcode\" data-id=\"233116a\" data-element_type=\"widget\" data-e-type=\"widget\" data-widget_type=\"shortcode.default\">\n\t\t\t\t\t\t\t<div class=\"elementor-shortcode\"><div class=\"breadcrumbs\" typeof=\"BreadcrumbList\" vocab=\"https:\/\/schema.org\/\">\n    <span property=\"itemListElement\" typeof=\"ListItem\"><a property=\"item\" typeof=\"WebPage\" title=\"Se rendre \u00e0 Baviron.\" href=\"https:\/\/baviron.be\/fr\" class=\"home\" aria-current=\"page\"><span property=\"name\">Baviron<\/span><\/a><meta property=\"position\" content=\"1\"><\/span><\/div>\n<\/div>\n\t\t\t\t\t\t<\/div>\n\t\t\t\t<div class=\"elementor-element elementor-element-0e526c7 elementor-widget elementor-widget-heading\" data-id=\"0e526c7\" data-element_type=\"widget\" data-e-type=\"widget\" data-widget_type=\"heading.default\">\n\t\t\t\t\t<h1 class=\"elementor-heading-title elementor-size-default\">Politique de confidentialit\u00e9<\/h1>\t\t\t\t<\/div>\n\t\t\t\t<div class=\"elementor-element elementor-element-f377fac elementor-widget__width-initial elementor-widget elementor-widget-text-editor\" data-id=\"f377fac\" data-element_type=\"widget\" data-e-type=\"widget\" data-widget_type=\"text-editor.default\">\n\t\t\t\t\t\t\t\t\t<p>Derni\u00e8re mise \u00e0 jour : f\u00e9vrier 2026<\/p>\t\t\t\t\t\t\t\t<\/div>\n\t\t\t\t\t<\/div>\n\t\t\t\t<\/div>\n\t\t<div class=\"elementor-element elementor-element-b9bf9e1 e-flex e-con-boxed e-con e-parent\" data-id=\"b9bf9e1\" data-element_type=\"container\" data-e-type=\"container\" data-settings=\"{&quot;jet_parallax_layout_list&quot;:[],&quot;_ha_eqh_enable&quot;:false}\">\n\t\t\t\t\t<div class=\"e-con-inner\">\n\t\t\t\t<div class=\"elementor-element elementor-element-4bc4110 legaltekst elementor-widget elementor-widget-text-editor\" data-id=\"4bc4110\" data-element_type=\"widget\" data-e-type=\"widget\" data-widget_type=\"text-editor.default\">\n\t\t\t\t\t\t\t\t\t<h2>Protection des donn\u00e9es personnelles<\/h2>\n<p>Belgian Asbestos Removal (B.A.V.) nv, commercialis\u00e9 sous le nom de Baviron, attache une grande importance \u00e0 la protection de votre vie priv\u00e9e et de vos donn\u00e9es personnelles. La pr\u00e9sente politique de confidentialit\u00e9 d\u00e9crit la mani\u00e8re dont nous traitons vos donn\u00e9es.<\/p>\n<h3>Responsable<\/h3>\n<p>Baviron - Belgian Asbestos Removal (B.A.V.) sa<br>Wolfstee 13<br>2200 Herentals<br>Belgique<br>Courriel : info@baviron.be<\/p>\n<h3>Quelles sont les donn\u00e9es collect\u00e9es ?<\/h3>\n<p>Nous recueillons les donn\u00e9es personnelles suivantes lorsque vous nous contactez :<\/p>\n<ul>\n<li>Nom et pr\u00e9nom<\/li>\n<li>Nom de l'entreprise (le cas \u00e9ch\u00e9ant)<\/li>\n<li>Adresse \u00e9lectronique<\/li>\n<li>Num\u00e9ro de t\u00e9l\u00e9phone<\/li>\n<li>Adresse du projet<\/li>\n<\/ul>\n<h3>\u00c0 quelles fins utilisons-nous vos donn\u00e9es ?<\/h3>\n<p>Vos donn\u00e9es seront utilis\u00e9es pour :<\/p>\n<ul>\n<li>R\u00e9pondre \u00e0 vos questions<\/li>\n<li>Pr\u00e9paration et envoi des offres<\/li>\n<li>La performance de nos services<\/li>\n<li>Facturation et administration<\/li>\n<\/ul>\n<h3>P\u00e9riode de conservation<\/h3>\n<p>Nous ne conserverons pas vos donn\u00e9es plus longtemps que n\u00e9cessaire aux fins pour lesquelles elles ont \u00e9t\u00e9 collect\u00e9es, ou aussi longtemps que la loi l'exige.<\/p>\n<h3>Vos droits<\/h3>\n<p>Vous avez le droit de consulter, de corriger ou de supprimer vos donn\u00e9es. Pour ce faire, veuillez nous contacter \u00e0 l'adresse suivante : info@baviron.be.<\/p>\n<h3>Contact<\/h3>\n<p>Pour toute question concernant cette politique de confidentialit\u00e9, veuillez contacter :<br>Courriel : info@baviron.be<br>T\u00e9l\u00e9phone : +32 (0)3 544 74 33<\/p>\t\t\t\t\t\t\t\t<\/div>\n\t\t\t\t\t<\/div>\n\t\t\t\t<\/div>\n\t\t\t\t<\/div>","protected":false},"excerpt":{"rendered":"<p>Privacybeleid Laatst bijgewerkt: februari 2026 Bescherming van persoonsgegevens Belgische Asbest Verwijdering (B.A.V.) nv, handelend onder de naam Baviron, hecht veel belang aan de bescherming van jouw privacy en persoonsgegevens. Dit privacybeleid beschrijft hoe wij omgaan met jouw gegevens. Verantwoordelijke Baviron &#8211; Belgische Asbest Verwijdering (B.A.V.) nvWolfstee 132200 HerentalsBelgi\u00ebE-mail: info@baviron.be Welke gegevens verzamelen we? Wij verzamelen [&hellip;]<\/p>\n","protected":false},"author":2,"featured_media":0,"parent":0,"menu_order":0,"comment_status":"closed","ping_status":"closed","template":"","meta":{"_seopress_robots_primary_cat":"","_seopress_titles_title":"","_seopress_titles_desc":"","_seopress_robots_index":"","iawp_total_views":0,"footnotes":""},"class_list":["post-51","page","type-page","status-publish","hentry"],"_links":{"self":[{"href":"https:\/\/baviron.be\/fr\/wp-json\/wp\/v2\/pages\/51","targetHints":{"allow":["GET"]}}],"collection":[{"href":"https:\/\/baviron.be\/fr\/wp-json\/wp\/v2\/pages"}],"about":[{"href":"https:\/\/baviron.be\/fr\/wp-json\/wp\/v2\/types\/page"}],"author":[{"embeddable":true,"href":"https:\/\/baviron.be\/fr\/wp-json\/wp\/v2\/users\/2"}],"replies":[{"embeddable":true,"href":"https:\/\/baviron.be\/fr\/wp-json\/wp\/v2\/comments?post=51"}],"version-history":[{"count":16,"href":"https:\/\/baviron.be\/fr\/wp-json\/wp\/v2\/pages\/51\/revisions"}],"predecessor-version":[{"id":1761,"href":"https:\/\/baviron.be\/fr\/wp-json\/wp\/v2\/pages\/51\/revisions\/1761"}],"wp:attachment":[{"href":"https:\/\/baviron.be\/fr\/wp-json\/wp\/v2\/media?parent=51"}],"curies":[{"name":"wp","href":"https:\/\/api.w.org\/{rel}","templated":true}]}}