{"id":41,"date":"2026-01-16T15:43:46","date_gmt":"2026-01-16T14:43:46","guid":{"rendered":"https:\/\/baviron.mystagingwebsite.com\/?page_id=41"},"modified":"2026-02-19T13:07:54","modified_gmt":"2026-02-19T12:07:54","slug":"la-durabilite","status":"publish","type":"page","link":"https:\/\/baviron.be\/fr\/duurzaamheid\/","title":{"rendered":"Durabilit\u00e9"},"content":{"rendered":"<div data-elementor-type=\"wp-page\" data-elementor-id=\"41\" class=\"elementor elementor-41\" data-elementor-settings=\"{&quot;ha_cmc_init_switcher&quot;:&quot;no&quot;}\" data-elementor-post-type=\"page\">\n\t\t\t\t<div class=\"elementor-element elementor-element-9347604 e-flex e-con-boxed e-con e-parent\" data-id=\"9347604\" data-element_type=\"container\" data-e-type=\"container\" data-settings=\"{&quot;background_background&quot;:&quot;classic&quot;,&quot;jet_parallax_layout_list&quot;:[],&quot;_ha_eqh_enable&quot;:false}\">\n\t\t\t\t\t<div class=\"e-con-inner\">\n\t\t\t\t<div class=\"elementor-element elementor-element-3302e74 elementor-widget__width-auto elementor-widget elementor-widget-global elementor-global-423 elementor-widget-shortcode\" data-id=\"3302e74\" data-element_type=\"widget\" data-e-type=\"widget\" data-widget_type=\"shortcode.default\">\n\t\t\t\t\t\t\t<div class=\"elementor-shortcode\"><div class=\"breadcrumbs\" typeof=\"BreadcrumbList\" vocab=\"https:\/\/schema.org\/\">\n    <span property=\"itemListElement\" typeof=\"ListItem\"><a property=\"item\" typeof=\"WebPage\" title=\"Se rendre \u00e0 Baviron.\" href=\"https:\/\/baviron.be\/fr\" class=\"home\" aria-current=\"page\"><span property=\"name\">Baviron<\/span><\/a><meta property=\"position\" content=\"1\"><\/span><\/div>\n<\/div>\n\t\t\t\t\t\t<\/div>\n\t\t\t\t\t<\/div>\n\t\t\t\t<\/div>\n\t\t<section class=\"elementor-element elementor-element-b656988 e-flex e-con-boxed e-con e-parent\" data-id=\"b656988\" data-element_type=\"container\" data-e-type=\"container\" data-settings=\"{&quot;background_background&quot;:&quot;classic&quot;,&quot;jet_parallax_layout_list&quot;:[],&quot;_ha_eqh_enable&quot;:false}\">\n\t\t\t\t\t<div class=\"e-con-inner\">\n\t\t<div class=\"elementor-element elementor-element-04a894c e-con-full e-flex e-con e-child\" data-id=\"04a894c\" data-element_type=\"container\" data-e-type=\"container\" data-settings=\"{&quot;jet_parallax_layout_list&quot;:[],&quot;_ha_eqh_enable&quot;:false}\">\n\t\t\t\t<div class=\"elementor-element elementor-element-1e5d575 elementor-widget elementor-widget-heading\" data-id=\"1e5d575\" data-element_type=\"widget\" data-e-type=\"widget\" data-widget_type=\"heading.default\">\n\t\t\t\t\t<span class=\"elementor-heading-title elementor-size-default\">Notre vision<\/span>\t\t\t\t<\/div>\n\t\t\t\t<div class=\"elementor-element elementor-element-ff6623c elementor-widget elementor-widget-heading\" data-id=\"ff6623c\" data-element_type=\"widget\" data-e-type=\"widget\" data-widget_type=\"heading.default\">\n\t\t\t\t\t<h1 class=\"elementor-heading-title elementor-size-default\">La durabilit\u00e9 comme n\u00e9cessit\u00e9 sociale\n<\/h1>\t\t\t\t<\/div>\n\t\t\t\t<div class=\"elementor-element elementor-element-65a1230 elementor-widget elementor-widget-text-editor\" data-id=\"65a1230\" data-element_type=\"widget\" data-e-type=\"widget\" data-widget_type=\"text-editor.default\">\n\t\t\t\t\t\t\t\t\tNotre monde est confront\u00e9 \u00e0 des d\u00e9fis croissants en mati\u00e8re d'environnement, de sant\u00e9 et de ressources. La durabilit\u00e9 et la circularit\u00e9 ne sont plus des visions d'avenir, mais une n\u00e9cessit\u00e9 sociale. La mani\u00e8re dont nous traitons les mat\u00e9riaux et les d\u00e9chets aujourd'hui d\u00e9termine en grande partie le cadre de vie de demain.\n\n<strong>Baviron adopte une approche circulaire : nous recyclons les mat\u00e9riaux issus de la d\u00e9molition int\u00e9rieure et assurons une tra\u00e7abilit\u00e9 compl\u00e8te de chaque flux de d\u00e9chets.<\/strong> C'est pourquoi nous choisissons consciemment d'int\u00e9grer la durabilit\u00e9 et la pens\u00e9e circulaire dans tout ce que nous faisons.\t\t\t\t\t\t\t\t<\/div>\n\t\t\t\t<\/div>\n\t\t<div class=\"elementor-element elementor-element-87c5841 e-con-full e-flex e-con e-child\" data-id=\"87c5841\" data-element_type=\"container\" data-e-type=\"container\" data-settings=\"{&quot;background_background&quot;:&quot;classic&quot;,&quot;jet_parallax_layout_list&quot;:[],&quot;_ha_eqh_enable&quot;:false}\">\n\t\t\t\t<\/div>\n\t\t\t\t\t<\/div>\n\t\t\t\t<\/section>\n\t\t<section class=\"elementor-element elementor-element-1a0d5c6 e-flex e-con-boxed e-con e-parent\" data-id=\"1a0d5c6\" data-element_type=\"container\" data-e-type=\"container\" data-settings=\"{&quot;background_background&quot;:&quot;classic&quot;,&quot;jet_parallax_layout_list&quot;:[],&quot;_ha_eqh_enable&quot;:false}\">\n\t\t\t\t\t<div class=\"e-con-inner\">\n\t\t<div class=\"elementor-element elementor-element-070b438 e-con-full e-flex e-con e-child\" data-id=\"070b438\" data-element_type=\"container\" data-e-type=\"container\" data-settings=\"{&quot;jet_parallax_layout_list&quot;:[],&quot;_ha_eqh_enable&quot;:false}\">\n\t\t\t\t<div class=\"elementor-element elementor-element-b5c24f5 elementor-widget elementor-widget-heading\" data-id=\"b5c24f5\" data-element_type=\"widget\" data-e-type=\"widget\" data-widget_type=\"heading.default\">\n\t\t\t\t\t<span class=\"elementor-heading-title elementor-size-default\">Impact sur le b\u00e9ton\n<\/span>\t\t\t\t<\/div>\n\t\t\t\t<div class=\"elementor-element elementor-element-22b0752 elementor-widget elementor-widget-heading\" data-id=\"22b0752\" data-element_type=\"widget\" data-e-type=\"widget\" data-widget_type=\"heading.default\">\n\t\t\t\t\t<h2 class=\"elementor-heading-title elementor-size-default\">Notre contribution \u00e0 un environnement plus sain\n<\/h2>\t\t\t\t<\/div>\n\t\t\t\t<div class=\"elementor-element elementor-element-7a39b1d elementor-widget elementor-widget-text-editor\" data-id=\"7a39b1d\" data-element_type=\"widget\" data-e-type=\"widget\" data-widget_type=\"text-editor.default\">\n\t\t\t\t\t\t\t\t\tNos activit\u00e9s se situent dans des zones o\u00f9 les risques pour les personnes et l'environnement sont r\u00e9els. En \u00e9liminant des mat\u00e9riaux dangereux et difficiles \u00e0 traiter tels que l'amiante, le chrome 6 et le plomb de mani\u00e8re contr\u00f4l\u00e9e et s\u00fbre, nous contribuons concr\u00e8tement \u00e0 un environnement de vie plus sain.\n\n<strong>L'assainissement durable commence par la pr\u00e9vention de la propagation et la gestion ad\u00e9quate des risques pour la sant\u00e9.<\/strong>. Nous traitons chaque flux de d\u00e9chets avec soin et conform\u00e9ment \u00e0 la l\u00e9gislation la plus stricte.\t\t\t\t\t\t\t\t<\/div>\n\t\t\t\t<\/div>\n\t\t<div class=\"elementor-element elementor-element-4659163 e-con-full e-flex e-con e-child\" data-id=\"4659163\" data-element_type=\"container\" data-e-type=\"container\" data-settings=\"{&quot;background_background&quot;:&quot;classic&quot;,&quot;jet_parallax_layout_list&quot;:[],&quot;_ha_eqh_enable&quot;:false}\">\n\t\t\t\t<\/div>\n\t\t\t\t\t<\/div>\n\t\t\t\t<\/section>\n\t\t<section class=\"elementor-element elementor-element-6a0e9f1 e-flex e-con-boxed e-con e-parent\" data-id=\"6a0e9f1\" data-element_type=\"container\" data-e-type=\"container\" data-settings=\"{&quot;background_background&quot;:&quot;classic&quot;,&quot;jet_parallax_layout_list&quot;:[],&quot;_ha_eqh_enable&quot;:false}\">\n\t\t\t\t\t<div class=\"e-con-inner\">\n\t\t<div class=\"elementor-element elementor-element-2959765 e-con-full e-flex e-con e-child\" data-id=\"2959765\" data-element_type=\"container\" data-e-type=\"container\" data-settings=\"{&quot;jet_parallax_layout_list&quot;:[],&quot;_ha_eqh_enable&quot;:false}\">\n\t\t\t\t<div class=\"elementor-element elementor-element-94afa1a elementor-widget elementor-widget-heading\" data-id=\"94afa1a\" data-element_type=\"widget\" data-e-type=\"widget\" data-widget_type=\"heading.default\">\n\t\t\t\t\t<span class=\"elementor-heading-title elementor-size-default\">Durabilit\u00e9<\/span>\t\t\t\t<\/div>\n\t\t\t\t<div class=\"elementor-element elementor-element-dce8c4c elementor-widget elementor-widget-heading\" data-id=\"dce8c4c\" data-element_type=\"widget\" data-e-type=\"widget\" data-widget_type=\"heading.default\">\n\t\t\t\t\t<h2 class=\"elementor-heading-title elementor-size-default\">Travailler durablement, c'est travailler en toute s\u00e9curit\u00e9<\/h2>\t\t\t\t<\/div>\n\t\t\t\t<div class=\"elementor-element elementor-element-c464231 elementor-widget elementor-widget-text-editor\" data-id=\"c464231\" data-element_type=\"widget\" data-e-type=\"widget\" data-widget_type=\"text-editor.default\">\n\t\t\t\t\t\t\t\t\tPour Baviron, travailler de mani\u00e8re durable signifie avant tout travailler en toute s\u00e9curit\u00e9. Nous investissons continuellement dans la formation, les proc\u00e9dures et la protection de nos employ\u00e9s et de l'environnement.\n\nLorsque l'assainissement va de pair avec une d\u00e9molition int\u00e9rieure limit\u00e9e ou des travaux de soutien, cela se fait de mani\u00e8re s\u00e9lective et en pr\u00eatant attention \u00e0 la r\u00e9utilisation et au recyclage.\n\n<strong>Baviron dispose de son propre parc de conteneurs et de sa propre flotte de transport, ce qui lui permet de contr\u00f4ler enti\u00e8rement les flux de mat\u00e9riaux.<\/strong> Cela nous permet de limiter notre impact \u00e9cologique et de garantir une transparence maximale.\t\t\t\t\t\t\t\t<\/div>\n\t\t\t\t<\/div>\n\t\t<div class=\"elementor-element elementor-element-9a18ab0 e-con-full e-flex e-con e-child\" data-id=\"9a18ab0\" data-element_type=\"container\" data-e-type=\"container\" data-settings=\"{&quot;background_background&quot;:&quot;classic&quot;,&quot;jet_parallax_layout_list&quot;:[],&quot;_ha_eqh_enable&quot;:false}\">\n\t\t\t\t<\/div>\n\t\t\t\t\t<\/div>\n\t\t\t\t<\/section>\n\t\t<section class=\"elementor-element elementor-element-08e57bf e-flex e-con-boxed e-con e-parent\" data-id=\"08e57bf\" data-element_type=\"container\" data-e-type=\"container\" data-settings=\"{&quot;background_background&quot;:&quot;classic&quot;,&quot;jet_parallax_layout_list&quot;:[],&quot;_ha_eqh_enable&quot;:false}\">\n\t\t\t\t\t<div class=\"e-con-inner\">\n\t\t\t\t<div class=\"elementor-element elementor-element-4b7bade elementor-widget elementor-widget-heading\" data-id=\"4b7bade\" data-element_type=\"widget\" data-e-type=\"widget\" data-widget_type=\"heading.default\">\n\t\t\t\t\t<span class=\"elementor-heading-title elementor-size-default\">Notre approche\n<\/span>\t\t\t\t<\/div>\n\t\t\t\t<div class=\"elementor-element elementor-element-8e5a9f9 elementor-widget elementor-widget-heading\" data-id=\"8e5a9f9\" data-element_type=\"widget\" data-e-type=\"widget\" data-widget_type=\"heading.default\">\n\t\t\t\t\t<h2 class=\"elementor-heading-title elementor-size-default\">Avantages circulaires\n<\/h2>\t\t\t\t<\/div>\n\t\t<div class=\"elementor-element elementor-element-d69b0c0 e-grid e-con-full e-con e-child\" data-id=\"d69b0c0\" data-element_type=\"container\" data-e-type=\"container\" data-settings=\"{&quot;jet_parallax_layout_list&quot;:[],&quot;_ha_eqh_enable&quot;:false}\">\n\t\t<div class=\"elementor-element elementor-element-e5eb3e7 e-con-full werk-card e-flex e-con e-child\" data-id=\"e5eb3e7\" data-element_type=\"container\" data-e-type=\"container\" data-settings=\"{&quot;background_background&quot;:&quot;classic&quot;,&quot;jet_parallax_layout_list&quot;:[],&quot;_ha_eqh_enable&quot;:false}\">\n\t\t\t\t<div class=\"elementor-element elementor-element-5115d86 elementor-view-stacked elementor-shape-rounded elementor-position-block-start elementor-mobile-position-block-start elementor-widget elementor-widget-icon-box\" data-id=\"5115d86\" data-element_type=\"widget\" data-e-type=\"widget\" data-widget_type=\"icon-box.default\">\n\t\t\t\t\t\t\t<div class=\"elementor-icon-box-wrapper\">\n\n\t\t\t\t\t\t<div class=\"elementor-icon-box-icon\">\n\t\t\t\t<span  class=\"elementor-icon\">\n\t\t\t\t<svg xmlns=\"http:\/\/www.w3.org\/2000\/svg\" xmlns:xlink=\"http:\/\/www.w3.org\/1999\/xlink\" xmlns:serif=\"http:\/\/www.serif.com\/\" width=\"100%\" height=\"100%\" viewbox=\"0 0 22 18\" xml:space=\"preserve\" style=\"fill-rule:evenodd;clip-rule:evenodd;stroke-linejoin:round;stroke-miterlimit:2;\">    <g transform=\"matrix(1,0,0,1,-1,-3)\">        <path d=\"M3,17L5,17C5.552,17 6,17.448 6,18C6,18.552 5.552,19 5,19L3,19C1.903,19 1,18.097 1,17L1,6C1,4.354 2.354,3 4,3L12,3C13.646,3 15,4.354 15,6L15,18C15,18.552 14.552,19 14,19C13.448,19 13,18.552 13,18L13,6C13,5.451 12.549,5 12,5L4,5C3.451,5 3,5.451 3,6L3,17Z\"><\/path>        <path d=\"M15,17C15.552,17 16,17.448 16,18C16,18.552 15.552,19 15,19L9,19C8.448,19 8,18.552 8,18C8,17.448 8.448,17 9,17L15,17Z\"><\/path>        <path d=\"M21,17L21,13.352L17.519,9L14,9C13.448,9 13,8.552 13,8C13,7.448 13.448,7 14,7L17.521,7L17.968,7.051C18.113,7.085 18.254,7.134 18.387,7.198C18.52,7.263 18.647,7.342 18.763,7.434L19.081,7.751L22.56,12.1C22.844,12.454 22.999,12.894 23,13.348L23,13.35L23,17C23,18.097 22.097,19 21,19L19,19C18.448,19 18,18.552 18,18C18,17.448 18.448,17 19,17L21,17ZM17.519,9C17.704,9.233 17.235,9.009 17.519,9Z\"><\/path>        <path d=\"M17,15C18.656,15 20,16.344 20,18C20,19.656 18.656,21 17,21C15.344,21 14,19.656 14,18C14,16.344 15.344,15 17,15ZM17,17C16.448,17 16,17.448 16,18C16,18.552 16.448,19 17,19C17.552,19 18,18.552 18,18C18,17.448 17.552,17 17,17Z\"><\/path>        <path d=\"M7,15C8.656,15 10,16.344 10,18C10,19.656 8.656,21 7,21C5.344,21 4,19.656 4,18C4,16.344 5.344,15 7,15ZM7,17C6.448,17 6,17.448 6,18C6,18.552 6.448,19 7,19C7.552,19 8,18.552 8,18C8,17.448 7.552,17 7,17Z\"><\/path>    <\/g><\/svg>\t\t\t\t<\/span>\n\t\t\t<\/div>\n\t\t\t\n\t\t\t\t\t\t<div class=\"elementor-icon-box-content\">\n\n\t\t\t\t\t\t\t\t\t<h3 class=\"elementor-icon-box-title\">\n\t\t\t\t\t\t<span  >\n\t\t\t\t\t\t\tTransport propre\t\t\t\t\t\t<\/span>\n\t\t\t\t\t<\/h3>\n\t\t\t\t\n\t\t\t\t\t\t\t\t\t<p class=\"elementor-icon-box-description\">\n\t\t\t\t\t\tUne logistique efficace gr\u00e2ce \u00e0 une gestion interne de la flotte et des conteneurs.\t\t\t\t\t<\/p>\n\t\t\t\t\n\t\t\t<\/div>\n\t\t\t\n\t\t<\/div>\n\t\t\t\t\t\t<\/div>\n\t\t\t\t<\/div>\n\t\t<div class=\"elementor-element elementor-element-d724d02 e-con-full werk-card e-flex e-con e-child\" data-id=\"d724d02\" data-element_type=\"container\" data-e-type=\"container\" data-settings=\"{&quot;background_background&quot;:&quot;classic&quot;,&quot;jet_parallax_layout_list&quot;:[],&quot;_ha_eqh_enable&quot;:false}\">\n\t\t\t\t<div class=\"elementor-element elementor-element-1acb40b elementor-view-stacked elementor-shape-rounded elementor-position-block-start elementor-mobile-position-block-start elementor-widget elementor-widget-icon-box\" data-id=\"1acb40b\" data-element_type=\"widget\" data-e-type=\"widget\" data-widget_type=\"icon-box.default\">\n\t\t\t\t\t\t\t<div class=\"elementor-icon-box-wrapper\">\n\n\t\t\t\t\t\t<div class=\"elementor-icon-box-icon\">\n\t\t\t\t<span  class=\"elementor-icon\">\n\t\t\t\t<svg xmlns=\"http:\/\/www.w3.org\/2000\/svg\" xmlns:xlink=\"http:\/\/www.w3.org\/1999\/xlink\" xmlns:serif=\"http:\/\/www.serif.com\/\" width=\"100%\" height=\"100%\" viewbox=\"0 0 24 24\" xml:space=\"preserve\" style=\"fill-rule:evenodd;clip-rule:evenodd;stroke-linejoin:round;stroke-miterlimit:2;\">    <path d=\"M7,18C7.552,18 8,18.448 8,19C8,19.552 7.552,20 7,20L4.818,20C3.827,20.003 2.904,19.485 2.39,18.638L2.38,18.621C1.882,17.762 1.879,16.699 2.374,15.837L2.375,15.834L6.33,8.999C6.607,8.521 7.219,8.358 7.697,8.634C8.175,8.911 8.338,9.523 8.062,10.001L4.108,16.833C3.971,17.073 3.97,17.368 4.108,17.613C4.26,17.854 4.526,18.001 4.812,18L4.815,18L7,18Z\"><\/path>    <path d=\"M11,20C10.448,20 10,19.552 10,19C10,18.448 10.448,18 11,18L19.203,18C19.486,17.995 19.748,17.846 19.899,17.6C20.03,17.361 20.028,17.07 19.892,16.833L18.667,14.716C18.391,14.238 18.555,13.626 19.032,13.349C19.51,13.073 20.122,13.237 20.399,13.714L21.625,15.834L21.626,15.838C22.118,16.694 22.118,17.751 21.626,18.607L21.617,18.624C21.11,19.47 20.197,19.992 19.211,20L19.203,20L11,20Z\"><\/path>    <path d=\"M13.293,15.293C13.683,14.903 14.317,14.903 14.707,15.293C15.097,15.683 15.097,16.317 14.707,16.707L12.414,19L14.707,21.293C15.097,21.683 15.097,22.317 14.707,22.707C14.317,23.097 13.683,23.097 13.293,22.707L10.293,19.707C9.902,19.317 9.902,18.683 10.293,18.293L13.293,15.293Z\"><\/path>    <path d=\"M9.259,13.337C9.402,13.87 9.085,14.419 8.552,14.562C8.019,14.705 7.47,14.388 7.327,13.855L6.489,10.725L3.359,11.564C2.826,11.707 2.277,11.39 2.134,10.857C1.991,10.324 2.308,9.775 2.841,9.632L6.937,8.534C7.193,8.465 7.466,8.501 7.696,8.634C7.926,8.767 8.093,8.985 8.162,9.241L9.259,13.337Z\"><\/path>    <path d=\"M10.21,6.311C9.934,6.789 9.322,6.953 8.844,6.677C8.366,6.401 8.202,5.789 8.478,5.311L9.57,3.421C10.063,2.562 10.973,2.022 11.963,2L11.983,2C12.976,1.998 13.897,2.527 14.396,3.386L14.397,3.389L18.34,10.232C18.616,10.71 18.451,11.322 17.973,11.597C17.495,11.873 16.883,11.708 16.608,11.23L12.666,4.39C12.527,4.151 12.272,4.003 11.992,4C11.707,4.011 11.447,4.169 11.304,4.417L11.303,4.419L10.21,6.311Z\"><\/path>    <path d=\"M13.119,10.599C12.586,10.456 12.269,9.907 12.412,9.374C12.555,8.841 13.104,8.524 13.637,8.667L16.767,9.506L17.605,6.376C17.748,5.843 18.297,5.526 18.83,5.669C19.363,5.812 19.68,6.361 19.537,6.894L18.44,10.99C18.371,11.246 18.204,11.464 17.974,11.597C17.744,11.73 17.471,11.766 17.215,11.697L13.119,10.599Z\"><\/path><\/svg>\t\t\t\t<\/span>\n\t\t\t<\/div>\n\t\t\t\n\t\t\t\t\t\t<div class=\"elementor-icon-box-content\">\n\n\t\t\t\t\t\t\t\t\t<h3 class=\"elementor-icon-box-title\">\n\t\t\t\t\t\t<span  >\n\t\t\t\t\t\t\tRecyclage maximal\t\t\t\t\t\t<\/span>\n\t\t\t\t\t<\/h3>\n\t\t\t\t\n\t\t\t\t\t\t\t\t\t<p class=\"elementor-icon-box-description\">\n\t\t\t\t\t\tD\u00e9mant\u00e8lement s\u00e9lectif pour une r\u00e9cup\u00e9ration et un recyclage optimaux des mat\u00e9riaux.\n\n\t\t\t\t\t<\/p>\n\t\t\t\t\n\t\t\t<\/div>\n\t\t\t\n\t\t<\/div>\n\t\t\t\t\t\t<\/div>\n\t\t\t\t<\/div>\n\t\t<div class=\"elementor-element elementor-element-5f2c23a e-con-full werk-card e-flex e-con e-child\" data-id=\"5f2c23a\" data-element_type=\"container\" data-e-type=\"container\" data-settings=\"{&quot;background_background&quot;:&quot;classic&quot;,&quot;jet_parallax_layout_list&quot;:[],&quot;_ha_eqh_enable&quot;:false}\">\n\t\t\t\t<div class=\"elementor-element elementor-element-ebe3a4c elementor-view-stacked elementor-shape-rounded elementor-position-block-start elementor-mobile-position-block-start elementor-widget elementor-widget-icon-box\" data-id=\"ebe3a4c\" data-element_type=\"widget\" data-e-type=\"widget\" data-widget_type=\"icon-box.default\">\n\t\t\t\t\t\t\t<div class=\"elementor-icon-box-wrapper\">\n\n\t\t\t\t\t\t<div class=\"elementor-icon-box-icon\">\n\t\t\t\t<span  class=\"elementor-icon\">\n\t\t\t\t<svg xmlns=\"http:\/\/www.w3.org\/2000\/svg\" xmlns:xlink=\"http:\/\/www.w3.org\/1999\/xlink\" xmlns:serif=\"http:\/\/www.serif.com\/\" width=\"100%\" height=\"100%\" viewbox=\"0 0 22 22\" xml:space=\"preserve\" style=\"fill-rule:evenodd;clip-rule:evenodd;stroke-linejoin:round;stroke-miterlimit:2;\"><path d=\"M22,6.624l-0,6.5c0,0.782 -0.604,1.889 -1.386,2.357l-0.011,0.007l-10.3,6l-0.009,0.005c-0.833,0.473 -1.856,0.473 -2.688,0l-0.032,-0.019l-6.3,-3.9c-0.025,-0.016 -0.05,-0.032 -0.074,-0.05c-0.61,-0.458 -1.2,-1.537 -1.2,-2.3l0,-6.6c0,-0.974 0.651,-1.934 1.448,-2.294l10.249,-5.97l0.009,-0.005c0.833,-0.473 1.856,-0.473 2.688,-0l0.032,0.019l6.3,3.9c0.025,0.016 0.05,0.032 0.074,0.05c0.61,0.458 1.2,1.384 1.2,2.3Zm-2,-0c-0,-0.269 -0.188,-0.528 -0.372,-0.678l-6.247,-3.866c-0.215,-0.111 -0.473,-0.107 -0.684,0.012l-10.293,5.996c-0.042,0.025 -0.086,0.046 -0.132,0.064c-0.163,0.065 -0.271,0.275 -0.271,0.472l0,6.6c0,0.224 0.188,0.522 0.373,0.678l6.246,3.866c0.215,0.111 0.473,0.107 0.684,-0.012l10.293,-5.996c0.214,-0.134 0.404,-0.421 0.404,-0.636l-0,-6.5Z\"><\/path><path d=\"M10,20.824c0,0.552 -0.448,1 -1,1c-0.552,0 -1,-0.448 -1,-1l0,-7.344l-7.427,-4.607c-0.469,-0.291 -0.614,-0.908 -0.323,-1.377c0.291,-0.469 0.908,-0.614 1.377,-0.323l7.9,4.9c0.294,0.182 0.473,0.504 0.473,0.85l0,7.9Z\"><\/path><path d=\"M9.502,13.789c-0.477,0.277 -1.09,0.114 -1.367,-0.363c-0.277,-0.477 -0.114,-1.09 0.363,-1.367l11.9,-6.9c0.477,-0.277 1.09,-0.114 1.367,0.363c0.277,0.477 0.114,1.09 -0.363,1.367l-11.9,6.9Z\"><\/path><path d=\"M14,18.724c-0,0.552 -0.448,1 -1,1c-0.552,-0 -1,-0.448 -1,-1l0,-8.1c-0,-0.552 0.448,-1 1,-1c0.552,-0 1,0.448 1,1l0,8.1Z\"><\/path><path d=\"M18,16.424c0,0.552 -0.448,1 -1,1c-0.552,0 -1,-0.448 -1,-1l0,-8.1c0,-0.552 0.448,-1 1,-1c0.552,0 1,0.448 1,1l0,8.1Z\"><\/path><\/svg>\t\t\t\t<\/span>\n\t\t\t<\/div>\n\t\t\t\n\t\t\t\t\t\t<div class=\"elementor-icon-box-content\">\n\n\t\t\t\t\t\t\t\t\t<h3 class=\"elementor-icon-box-title\">\n\t\t\t\t\t\t<span  >\n\t\t\t\t\t\t\tPropre parc \u00e0 conteneurs\t\t\t\t\t\t<\/span>\n\t\t\t\t\t<\/h3>\n\t\t\t\t\n\t\t\t\t\t\t\t\t\t<p class=\"elementor-icon-box-description\">\n\t\t\t\t\t\tContr\u00f4le total de la logistique des conteneurs pour une planification efficace des projets.\n\n\t\t\t\t\t<\/p>\n\t\t\t\t\n\t\t\t<\/div>\n\t\t\t\n\t\t<\/div>\n\t\t\t\t\t\t<\/div>\n\t\t\t\t<\/div>\n\t\t<div class=\"elementor-element elementor-element-a4e35ef e-con-full werk-card e-flex e-con e-child\" data-id=\"a4e35ef\" data-element_type=\"container\" data-e-type=\"container\" data-settings=\"{&quot;background_background&quot;:&quot;classic&quot;,&quot;jet_parallax_layout_list&quot;:[],&quot;_ha_eqh_enable&quot;:false}\">\n\t\t\t\t<div class=\"elementor-element elementor-element-fc4b313 elementor-view-stacked elementor-shape-rounded elementor-position-block-start elementor-mobile-position-block-start elementor-widget elementor-widget-icon-box\" data-id=\"fc4b313\" data-element_type=\"widget\" data-e-type=\"widget\" data-widget_type=\"icon-box.default\">\n\t\t\t\t\t\t\t<div class=\"elementor-icon-box-wrapper\">\n\n\t\t\t\t\t\t<div class=\"elementor-icon-box-icon\">\n\t\t\t\t<span  class=\"elementor-icon\">\n\t\t\t\t<svg xmlns=\"http:\/\/www.w3.org\/2000\/svg\" xmlns:xlink=\"http:\/\/www.w3.org\/1999\/xlink\" xmlns:serif=\"http:\/\/www.serif.com\/\" width=\"100%\" height=\"100%\" viewbox=\"0 0 19 23\" xml:space=\"preserve\" style=\"fill-rule:evenodd;clip-rule:evenodd;stroke-linejoin:round;stroke-miterlimit:2;\"><path d=\"M3,22c-1.646,0 -3,-1.354 -3,-3l0,-16c0,-1.646 1.354,-3 3,-3l7.998,0c0.905,-0.001 1.775,0.359 2.413,0.999l3.586,3.586c0.643,0.639 1.004,1.51 1.003,2.415l0,12c0,1.646 -1.354,3 -3,3l-12,0Zm-0,-2l12,0c0.549,0 1,-0.451 1,-1l0,-12l0,-0.002c0.001,-0.373 -0.148,-0.732 -0.413,-0.995l-0.002,-0.002l-3.588,-3.588l-0.001,-0.001c-0.263,-0.264 -0.621,-0.412 -0.994,-0.412l-0.002,0l-8,0c-0.549,0 -1,0.451 -1,1l0,16c0,0.549 0.451,1 1,1Z\"><\/path><path d=\"M12,6l5,0c0.552,-0 1,0.448 1,1c0,0.552 -0.448,1 -1,1l-5,0c-1.097,0 -2,-0.903 -2,-2l0,-5c-0,-0.552 0.448,-1 1,-1c0.552,-0 1,0.448 1,1l0,5Z\"><\/path><path d=\"M7,7c0.552,0 1,0.448 1,1c-0,0.552 -0.448,1 -1,1l-2,0c-0.552,0 -1,-0.448 -1,-1c-0,-0.552 0.448,-1 1,-1l2,0Z\"><\/path><path d=\"M13,11c0.552,-0 1,0.448 1,1c0,0.552 -0.448,1 -1,1l-8,0c-0.552,-0 -1,-0.448 -1,-1c0,-0.552 0.448,-1 1,-1l8,0Z\"><\/path><path d=\"M13,15c0.552,-0 1,0.448 1,1c0,0.552 -0.448,1 -1,1l-8,0c-0.552,-0 -1,-0.448 -1,-1c0,-0.552 0.448,-1 1,-1l8,0Z\"><\/path><\/svg>\t\t\t\t<\/span>\n\t\t\t<\/div>\n\t\t\t\n\t\t\t\t\t\t<div class=\"elementor-icon-box-content\">\n\n\t\t\t\t\t\t\t\t\t<h3 class=\"elementor-icon-box-title\">\n\t\t\t\t\t\t<span  >\n\t\t\t\t\t\t\tDocumentation compl\u00e8te\t\t\t\t\t\t<\/span>\n\t\t\t\t\t<\/h3>\n\t\t\t\t\n\t\t\t\t\t\t\t\t\t<p class=\"elementor-icon-box-description\">\n\t\t\t\t\t\tPreuve circulaire et tra\u00e7abilit\u00e9 pour chaque flux de mat\u00e9riaux.\n\n\t\t\t\t\t<\/p>\n\t\t\t\t\n\t\t\t<\/div>\n\t\t\t\n\t\t<\/div>\n\t\t\t\t\t\t<\/div>\n\t\t\t\t<\/div>\n\t\t\t\t<\/div>\n\t\t\t\t\t<\/div>\n\t\t\t\t<\/section>\n\t\t\t\t<\/div>","protected":false},"excerpt":{"rendered":"<p>Onze visie Duurzaamheid als maatschappelijke noodzaak Onze wereld staat voor steeds grotere uitdagingen op vlak van milieu, gezondheid en grondstoffengebruik. Duurzaamheid en circulariteit zijn geen toekomstvisies meer, maar een maatschappelijke noodzaak. Hoe we vandaag omgaan met materialen en afval bepaalt in grote mate de leefomgeving van morgen. Baviron hanteert een circulaire aanpak: wij recyclen materialen [&hellip;]<\/p>\n","protected":false},"author":2,"featured_media":0,"parent":0,"menu_order":0,"comment_status":"closed","ping_status":"closed","template":"","meta":{"_seopress_robots_primary_cat":"","_seopress_titles_title":"","_seopress_titles_desc":"","_seopress_robots_index":"","iawp_total_views":3,"footnotes":""},"class_list":["post-41","page","type-page","status-publish","hentry"],"_links":{"self":[{"href":"https:\/\/baviron.be\/fr\/wp-json\/wp\/v2\/pages\/41","targetHints":{"allow":["GET"]}}],"collection":[{"href":"https:\/\/baviron.be\/fr\/wp-json\/wp\/v2\/pages"}],"about":[{"href":"https:\/\/baviron.be\/fr\/wp-json\/wp\/v2\/types\/page"}],"author":[{"embeddable":true,"href":"https:\/\/baviron.be\/fr\/wp-json\/wp\/v2\/users\/2"}],"replies":[{"embeddable":true,"href":"https:\/\/baviron.be\/fr\/wp-json\/wp\/v2\/comments?post=41"}],"version-history":[{"count":94,"href":"https:\/\/baviron.be\/fr\/wp-json\/wp\/v2\/pages\/41\/revisions"}],"predecessor-version":[{"id":2228,"href":"https:\/\/baviron.be\/fr\/wp-json\/wp\/v2\/pages\/41\/revisions\/2228"}],"wp:attachment":[{"href":"https:\/\/baviron.be\/fr\/wp-json\/wp\/v2\/media?parent=41"}],"curies":[{"name":"wp","href":"https:\/\/api.w.org\/{rel}","templated":true}]}}